{"id":33,"date":"2018-07-23T08:57:04","date_gmt":"2018-07-23T06:57:04","guid":{"rendered":"http:\/\/www.etcetera23.de\/?page_id=33"},"modified":"2018-09-17T21:25:16","modified_gmt":"2018-09-17T19:25:16","slug":"specials","status":"publish","type":"page","link":"http:\/\/www.etcetera23.de\/en\/specials\/","title":{"rendered":"Specials"},"content":{"rendered":"<div data-elementor-type=\"wp-post\" data-elementor-id=\"33\" class=\"elementor elementor-33 elementor-bc-flex-widget\">\n\t\t\t\t\t\t<section class=\"elementor-section elementor-top-section elementor-element elementor-element-6f5b9bed elementor-section-boxed elementor-section-height-default elementor-section-height-default\" data-id=\"6f5b9bed\" data-element_type=\"section\" data-e-type=\"section\">\n\t\t\t\t\t\t<div class=\"elementor-container elementor-column-gap-default\">\n\t\t\t\t\t<div class=\"elementor-column elementor-col-100 elementor-top-column elementor-element elementor-element-560a0f41\" data-id=\"560a0f41\" data-element_type=\"column\" data-e-type=\"column\">\n\t\t\t<div class=\"elementor-widget-wrap\">\n\t\t\t\t\t\t\t<\/div>\n\t\t<\/div>\n\t\t\t\t\t<\/div>\n\t\t<\/section>\n\t\t\t\t<section class=\"elementor-section elementor-top-section elementor-element elementor-element-13998213 elementor-section-full_width elementor-section-height-default elementor-section-height-default\" data-id=\"13998213\" data-element_type=\"section\" data-e-type=\"section\" data-settings=\"{&quot;background_background&quot;:&quot;classic&quot;,&quot;shape_divider_top&quot;:&quot;opacity-tilt&quot;,&quot;shape_divider_bottom&quot;:&quot;opacity-tilt&quot;}\">\n\t\t\t\t\t\t\t<div class=\"elementor-background-overlay\"><\/div>\n\t\t\t\t\t\t<div class=\"elementor-shape elementor-shape-top\" aria-hidden=\"true\" data-negative=\"false\">\n\t\t\t<svg xmlns=\"http:\/\/www.w3.org\/2000\/svg\" viewbox=\"0 0 2600 131.1\" preserveaspectratio=\"none\">\n\t<path class=\"elementor-shape-fill\" d=\"M0 0L2600 0 2600 69.1 0 0z\"\/>\n\t<path class=\"elementor-shape-fill\" style=\"opacity:0.5\" d=\"M0 0L2600 0 2600 69.1 0 69.1z\"\/>\n\t<path class=\"elementor-shape-fill\" style=\"opacity:0.25\" d=\"M2600 0L0 0 0 130.1 2600 69.1z\"\/>\n<\/svg>\t\t<\/div>\n\t\t\t\t<div class=\"elementor-shape elementor-shape-bottom\" aria-hidden=\"true\" data-negative=\"false\">\n\t\t\t<svg xmlns=\"http:\/\/www.w3.org\/2000\/svg\" viewbox=\"0 0 2600 131.1\" preserveaspectratio=\"none\">\n\t<path class=\"elementor-shape-fill\" d=\"M0 0L2600 0 2600 69.1 0 0z\"\/>\n\t<path class=\"elementor-shape-fill\" style=\"opacity:0.5\" d=\"M0 0L2600 0 2600 69.1 0 69.1z\"\/>\n\t<path class=\"elementor-shape-fill\" style=\"opacity:0.25\" d=\"M2600 0L0 0 0 130.1 2600 69.1z\"\/>\n<\/svg>\t\t<\/div>\n\t\t\t\t\t<div class=\"elementor-container elementor-column-gap-default\">\n\t\t\t\t\t<div class=\"elementor-column elementor-col-100 elementor-top-column elementor-element elementor-element-6a2dcabd\" data-id=\"6a2dcabd\" data-element_type=\"column\" data-e-type=\"column\">\n\t\t\t<div class=\"elementor-widget-wrap elementor-element-populated\">\n\t\t\t\t\t\t<div class=\"elementor-element elementor-element-47db476b elementor-widget elementor-widget-heading\" data-id=\"47db476b\" data-element_type=\"widget\" data-e-type=\"widget\" data-widget_type=\"heading.default\">\n\t\t\t\t<div class=\"elementor-widget-container\">\n\t\t\t\t\t<h2 class=\"elementor-heading-title elementor-size-default\">Specials<\/h2>\t\t\t\t<\/div>\n\t\t\t\t<\/div>\n\t\t\t\t\t<\/div>\n\t\t<\/div>\n\t\t\t\t\t<\/div>\n\t\t<\/section>\n\t\t\t\t<section class=\"elementor-section elementor-top-section elementor-element elementor-element-70dcd5f3 elementor-section-boxed elementor-section-height-default elementor-section-height-default\" data-id=\"70dcd5f3\" data-element_type=\"section\" data-e-type=\"section\" data-settings=\"{&quot;background_background&quot;:&quot;gradient&quot;,&quot;shape_divider_bottom&quot;:&quot;opacity-tilt&quot;}\">\n\t\t\t\t\t<div class=\"elementor-shape elementor-shape-bottom\" aria-hidden=\"true\" data-negative=\"false\">\n\t\t\t<svg xmlns=\"http:\/\/www.w3.org\/2000\/svg\" viewbox=\"0 0 2600 131.1\" preserveaspectratio=\"none\">\n\t<path class=\"elementor-shape-fill\" d=\"M0 0L2600 0 2600 69.1 0 0z\"\/>\n\t<path class=\"elementor-shape-fill\" style=\"opacity:0.5\" d=\"M0 0L2600 0 2600 69.1 0 69.1z\"\/>\n\t<path class=\"elementor-shape-fill\" style=\"opacity:0.25\" d=\"M2600 0L0 0 0 130.1 2600 69.1z\"\/>\n<\/svg>\t\t<\/div>\n\t\t\t\t\t<div class=\"elementor-container elementor-column-gap-default\">\n\t\t\t\t\t<div class=\"elementor-column elementor-col-100 elementor-top-column elementor-element elementor-element-3a78a231\" data-id=\"3a78a231\" data-element_type=\"column\" data-e-type=\"column\">\n\t\t\t<div class=\"elementor-widget-wrap elementor-element-populated\">\n\t\t\t\t\t\t<div class=\"elementor-element elementor-element-15b6902 elementor-widget elementor-widget-heading\" data-id=\"15b6902\" data-element_type=\"widget\" data-e-type=\"widget\" data-widget_type=\"heading.default\">\n\t\t\t\t<div class=\"elementor-widget-container\">\n\t\t\t\t\t<h2 class=\"elementor-heading-title elementor-size-default\">untranslatable word Series<\/h2>\t\t\t\t<\/div>\n\t\t\t\t<\/div>\n\t\t\t\t<div class=\"elementor-element elementor-element-e6c866d elementor-widget elementor-widget-text-editor\" data-id=\"e6c866d\" data-element_type=\"widget\" data-e-type=\"widget\" data-widget_type=\"text-editor.default\">\n\t\t\t\t<div class=\"elementor-widget-container\">\n\t\t\t\t\t\t\t\t\t<p>In many languages are words, which you can not translate into english. Some of these are illustrated here. This series are available as postcards and t-shirt designs.<\/p>\t\t\t\t\t\t\t\t<\/div>\n\t\t\t\t<\/div>\n\t\t\t\t<div class=\"elementor-element elementor-element-a07377c gallery-spacing-custom elementor-widget elementor-widget-image-gallery\" data-id=\"a07377c\" data-element_type=\"widget\" data-e-type=\"widget\" data-widget_type=\"image-gallery.default\">\n\t\t\t\t<div class=\"elementor-widget-container\">\n\t\t\t\t\t\t\t<div class=\"elementor-image-gallery\">\n\t\t\t<div id='gallery-1' class='gallery galleryid-33 gallery-columns-4 gallery-size-medium'><figure class='gallery-item'>\n\t\t\t<div class='gallery-icon landscape'>\n\t\t\t\t<a data-elementor-open-lightbox=\"no\" href='https:\/\/www.etcetera23.de\/wp-content\/uploads\/2018\/08\/postkarte-promaja-Kopie_resize.jpg'><img fetchpriority=\"high\" decoding=\"async\" width=\"300\" height=\"213\" src=\"https:\/\/www.etcetera23.de\/wp-content\/uploads\/2018\/08\/postkarte-promaja-Kopie_resize-300x213.jpg\" class=\"attachment-medium size-medium\" alt=\"\" aria-describedby=\"gallery-1-591\" srcset=\"https:\/\/www.etcetera23.de\/wp-content\/uploads\/2018\/08\/postkarte-promaja-Kopie_resize-300x213.jpg 300w, https:\/\/www.etcetera23.de\/wp-content\/uploads\/2018\/08\/postkarte-promaja-Kopie_resize-768x545.jpg 768w, https:\/\/www.etcetera23.de\/wp-content\/uploads\/2018\/08\/postkarte-promaja-Kopie_resize.jpg 874w\" sizes=\"(max-width: 300px) 100vw, 300px\" \/><\/a>\n\t\t\t<\/div>\n\t\t\t\t<figcaption class='wp-caption-text gallery-caption' id='gallery-1-591'>\n\t\t\t\t&#8222;PROMAJA&#8220; (serbian) &#8211; the wind felt when standing between two open doors or windows\n\t\t\t\t<\/figcaption><\/figure><figure class='gallery-item'>\n\t\t\t<div class='gallery-icon landscape'>\n\t\t\t\t<a data-elementor-open-lightbox=\"no\" href='https:\/\/www.etcetera23.de\/wp-content\/uploads\/2018\/08\/postkarte-dreive-Kopie_resize.jpg'><img decoding=\"async\" width=\"300\" height=\"213\" src=\"https:\/\/www.etcetera23.de\/wp-content\/uploads\/2018\/08\/postkarte-dreive-Kopie_resize-300x213.jpg\" class=\"attachment-medium size-medium\" alt=\"\" aria-describedby=\"gallery-1-588\" srcset=\"https:\/\/www.etcetera23.de\/wp-content\/uploads\/2018\/08\/postkarte-dreive-Kopie_resize-300x213.jpg 300w, https:\/\/www.etcetera23.de\/wp-content\/uploads\/2018\/08\/postkarte-dreive-Kopie_resize-768x545.jpg 768w, https:\/\/www.etcetera23.de\/wp-content\/uploads\/2018\/08\/postkarte-dreive-Kopie_resize.jpg 874w\" sizes=\"(max-width: 300px) 100vw, 300px\" \/><\/a>\n\t\t\t<\/div>\n\t\t\t\t<figcaption class='wp-caption-text gallery-caption' id='gallery-1-588'>\n\t\t\t\t&#8222;D\u00c9RIVE&#8220; (french) &#8211; an aimless walk through city streets\n\t\t\t\t<\/figcaption><\/figure><figure class='gallery-item'>\n\t\t\t<div class='gallery-icon landscape'>\n\t\t\t\t<a data-elementor-open-lightbox=\"no\" href='https:\/\/www.etcetera23.de\/wp-content\/uploads\/2018\/08\/postkarte-baraka-Kopie_resize.jpg'><img decoding=\"async\" width=\"300\" height=\"213\" src=\"https:\/\/www.etcetera23.de\/wp-content\/uploads\/2018\/08\/postkarte-baraka-Kopie_resize-300x213.jpg\" class=\"attachment-medium size-medium\" alt=\"\" aria-describedby=\"gallery-1-587\" srcset=\"https:\/\/www.etcetera23.de\/wp-content\/uploads\/2018\/08\/postkarte-baraka-Kopie_resize-300x213.jpg 300w, https:\/\/www.etcetera23.de\/wp-content\/uploads\/2018\/08\/postkarte-baraka-Kopie_resize-768x545.jpg 768w, https:\/\/www.etcetera23.de\/wp-content\/uploads\/2018\/08\/postkarte-baraka-Kopie_resize.jpg 874w\" sizes=\"(max-width: 300px) 100vw, 300px\" \/><\/a>\n\t\t\t<\/div>\n\t\t\t\t<figcaption class='wp-caption-text gallery-caption' id='gallery-1-587'>\n\t\t\t\t&#8222;BARAKA&#8220; (arabic) &#8211; a gift of spiritual energy that can be transferred to others\n\t\t\t\t<\/figcaption><\/figure><figure class='gallery-item'>\n\t\t\t<div class='gallery-icon landscape'>\n\t\t\t\t<a data-elementor-open-lightbox=\"no\" href='https:\/\/www.etcetera23.de\/wp-content\/uploads\/2018\/08\/postkarte-goya-Kopie_resize.jpg'><img loading=\"lazy\" decoding=\"async\" width=\"300\" height=\"213\" src=\"https:\/\/www.etcetera23.de\/wp-content\/uploads\/2018\/08\/postkarte-goya-Kopie_resize-300x213.jpg\" class=\"attachment-medium size-medium\" alt=\"\" aria-describedby=\"gallery-1-589\" srcset=\"https:\/\/www.etcetera23.de\/wp-content\/uploads\/2018\/08\/postkarte-goya-Kopie_resize-300x213.jpg 300w, https:\/\/www.etcetera23.de\/wp-content\/uploads\/2018\/08\/postkarte-goya-Kopie_resize-768x545.jpg 768w, https:\/\/www.etcetera23.de\/wp-content\/uploads\/2018\/08\/postkarte-goya-Kopie_resize.jpg 874w\" sizes=\"(max-width: 300px) 100vw, 300px\" \/><\/a>\n\t\t\t<\/div>\n\t\t\t\t<figcaption class='wp-caption-text gallery-caption' id='gallery-1-589'>\n\t\t\t\t&#8222;GOYA&#8220; (urdu) &#8211; the transporting suspension of disbelieve that can occur in good story telling\n\t\t\t\t<\/figcaption><\/figure><figure class='gallery-item'>\n\t\t\t<div class='gallery-icon landscape'>\n\t\t\t\t<a data-elementor-open-lightbox=\"no\" href='https:\/\/www.etcetera23.de\/wp-content\/uploads\/2018\/08\/postkarte-Komorebi-Kopie_resize.jpg'><img loading=\"lazy\" decoding=\"async\" width=\"300\" height=\"213\" src=\"https:\/\/www.etcetera23.de\/wp-content\/uploads\/2018\/08\/postkarte-Komorebi-Kopie_resize-300x213.jpg\" class=\"attachment-medium size-medium\" alt=\"\" aria-describedby=\"gallery-1-590\" srcset=\"https:\/\/www.etcetera23.de\/wp-content\/uploads\/2018\/08\/postkarte-Komorebi-Kopie_resize-300x213.jpg 300w, https:\/\/www.etcetera23.de\/wp-content\/uploads\/2018\/08\/postkarte-Komorebi-Kopie_resize-768x545.jpg 768w, https:\/\/www.etcetera23.de\/wp-content\/uploads\/2018\/08\/postkarte-Komorebi-Kopie_resize.jpg 874w\" sizes=\"(max-width: 300px) 100vw, 300px\" \/><\/a>\n\t\t\t<\/div>\n\t\t\t\t<figcaption class='wp-caption-text gallery-caption' id='gallery-1-590'>\n\t\t\t\t&#8222;KOMOREBI&#8220; (japanese) &#8211; sunlight that filters through leaves of trees\n\t\t\t\t<\/figcaption><\/figure><figure class='gallery-item'>\n\t\t\t<div class='gallery-icon landscape'>\n\t\t\t\t<a data-elementor-open-lightbox=\"no\" href='https:\/\/www.etcetera23.de\/wp-content\/uploads\/2018\/08\/postkarte-viraag-Kopie_resize.jpg'><img loading=\"lazy\" decoding=\"async\" width=\"300\" height=\"213\" src=\"https:\/\/www.etcetera23.de\/wp-content\/uploads\/2018\/08\/postkarte-viraag-Kopie_resize-300x213.jpg\" class=\"attachment-medium size-medium\" alt=\"\" aria-describedby=\"gallery-1-592\" srcset=\"https:\/\/www.etcetera23.de\/wp-content\/uploads\/2018\/08\/postkarte-viraag-Kopie_resize-300x213.jpg 300w, https:\/\/www.etcetera23.de\/wp-content\/uploads\/2018\/08\/postkarte-viraag-Kopie_resize-768x545.jpg 768w, https:\/\/www.etcetera23.de\/wp-content\/uploads\/2018\/08\/postkarte-viraag-Kopie_resize.jpg 874w\" sizes=\"(max-width: 300px) 100vw, 300px\" \/><\/a>\n\t\t\t<\/div>\n\t\t\t\t<figcaption class='wp-caption-text gallery-caption' id='gallery-1-592'>\n\t\t\t\t&#8222;VIRAAG&#8220; (hindi) &#8211; the emotional pain caused by separation from a loved one\n\t\t\t\t<\/figcaption><\/figure><figure class='gallery-item'>\n\t\t\t<div class='gallery-icon landscape'>\n\t\t\t\t<a data-elementor-open-lightbox=\"no\" href='https:\/\/www.etcetera23.de\/wp-content\/uploads\/2018\/08\/postkarte-xiang-Kopie_resize.jpg'><img loading=\"lazy\" decoding=\"async\" width=\"300\" height=\"213\" src=\"https:\/\/www.etcetera23.de\/wp-content\/uploads\/2018\/08\/postkarte-xiang-Kopie_resize-300x213.jpg\" class=\"attachment-medium size-medium\" alt=\"\" aria-describedby=\"gallery-1-594\" srcset=\"https:\/\/www.etcetera23.de\/wp-content\/uploads\/2018\/08\/postkarte-xiang-Kopie_resize-300x213.jpg 300w, https:\/\/www.etcetera23.de\/wp-content\/uploads\/2018\/08\/postkarte-xiang-Kopie_resize-768x545.jpg 768w, https:\/\/www.etcetera23.de\/wp-content\/uploads\/2018\/08\/postkarte-xiang-Kopie_resize.jpg 874w\" sizes=\"(max-width: 300px) 100vw, 300px\" \/><\/a>\n\t\t\t<\/div>\n\t\t\t\t<figcaption class='wp-caption-text gallery-caption' id='gallery-1-594'>\n\t\t\t\t&#8222;XIANG&#8220; (chinese) &#8211; means aromatic, delicious and rich. Describes something which is rich in flavor and smells nice\n\t\t\t\t<\/figcaption><\/figure><figure class='gallery-item'>\n\t\t\t<div class='gallery-icon landscape'>\n\t\t\t\t<a data-elementor-open-lightbox=\"no\" href='https:\/\/www.etcetera23.de\/wp-content\/uploads\/2018\/08\/postkarte-waldeinsamkeit-Kopie_resize.jpg'><img loading=\"lazy\" decoding=\"async\" width=\"300\" height=\"213\" src=\"https:\/\/www.etcetera23.de\/wp-content\/uploads\/2018\/08\/postkarte-waldeinsamkeit-Kopie_resize-300x213.jpg\" class=\"attachment-medium size-medium\" alt=\"\" aria-describedby=\"gallery-1-593\" srcset=\"https:\/\/www.etcetera23.de\/wp-content\/uploads\/2018\/08\/postkarte-waldeinsamkeit-Kopie_resize-300x213.jpg 300w, https:\/\/www.etcetera23.de\/wp-content\/uploads\/2018\/08\/postkarte-waldeinsamkeit-Kopie_resize-768x545.jpg 768w, https:\/\/www.etcetera23.de\/wp-content\/uploads\/2018\/08\/postkarte-waldeinsamkeit-Kopie_resize.jpg 874w\" sizes=\"(max-width: 300px) 100vw, 300px\" \/><\/a>\n\t\t\t<\/div>\n\t\t\t\t<figcaption class='wp-caption-text gallery-caption' id='gallery-1-593'>\n\t\t\t\t&#8222;Waldeinsamkeit&#8220; (german) &#8211; the feeling of being alone in the woods\n\t\t\t\t<\/figcaption><\/figure>\n\t\t<\/div>\n\t\t<\/div>\n\t\t\t\t\t\t<\/div>\n\t\t\t\t<\/div>\n\t\t\t\t\t<\/div>\n\t\t<\/div>\n\t\t\t\t\t<\/div>\n\t\t<\/section>\n\t\t\t\t<section class=\"elementor-section elementor-top-section elementor-element elementor-element-4f46797 elementor-section-boxed elementor-section-height-default elementor-section-height-default\" data-id=\"4f46797\" data-element_type=\"section\" data-e-type=\"section\" data-settings=\"{&quot;background_background&quot;:&quot;gradient&quot;,&quot;shape_divider_bottom&quot;:&quot;opacity-tilt&quot;}\">\n\t\t\t\t\t<div class=\"elementor-shape elementor-shape-bottom\" aria-hidden=\"true\" data-negative=\"false\">\n\t\t\t<svg xmlns=\"http:\/\/www.w3.org\/2000\/svg\" viewbox=\"0 0 2600 131.1\" preserveaspectratio=\"none\">\n\t<path class=\"elementor-shape-fill\" d=\"M0 0L2600 0 2600 69.1 0 0z\"\/>\n\t<path class=\"elementor-shape-fill\" style=\"opacity:0.5\" d=\"M0 0L2600 0 2600 69.1 0 69.1z\"\/>\n\t<path class=\"elementor-shape-fill\" style=\"opacity:0.25\" d=\"M2600 0L0 0 0 130.1 2600 69.1z\"\/>\n<\/svg>\t\t<\/div>\n\t\t\t\t\t<div class=\"elementor-container elementor-column-gap-default\">\n\t\t\t\t\t<div class=\"elementor-column elementor-col-100 elementor-top-column elementor-element elementor-element-7b0454f\" data-id=\"7b0454f\" data-element_type=\"column\" data-e-type=\"column\">\n\t\t\t<div class=\"elementor-widget-wrap elementor-element-populated\">\n\t\t\t\t\t\t<div class=\"elementor-element elementor-element-2e29fa0 elementor-widget elementor-widget-heading\" data-id=\"2e29fa0\" data-element_type=\"widget\" data-e-type=\"widget\" data-widget_type=\"heading.default\">\n\t\t\t\t<div class=\"elementor-widget-container\">\n\t\t\t\t\t<h2 class=\"elementor-heading-title elementor-size-default\">Origami Paper Wallets <\/h2>\t\t\t\t<\/div>\n\t\t\t\t<\/div>\n\t\t\t\t<div class=\"elementor-element elementor-element-1f556cb elementor-widget elementor-widget-text-editor\" data-id=\"1f556cb\" data-element_type=\"widget\" data-e-type=\"widget\" data-widget_type=\"text-editor.default\">\n\t\t\t\t<div class=\"elementor-widget-container\">\n\t\t\t\t\t\t\t\t\t<p>Unique Relief Prints on Paper, folded with Japanese Folding techniques to a wallet. They have a adhesive foil for protection and they are tiny and thin, perfect for traveling, festivals and parties. Limited Edition!<\/p>\t\t\t\t\t\t\t\t<\/div>\n\t\t\t\t<\/div>\n\t\t\t\t<div class=\"elementor-element elementor-element-641d7a5 elementor-widget elementor-widget-justified-gallery\" data-id=\"641d7a5\" data-element_type=\"widget\" data-e-type=\"widget\" data-widget_type=\"justified-gallery.default\">\n\t\t\t\t<div class=\"elementor-widget-container\">\n\t\t\t\t\t\t\t\t<div id=\"jg-641d7a5\" class=\"hide-gallery elementor-justified-gallery\" data-row-height=\"200\" data-margins=\"10\" data-last-row=\"nojustify\" data-randomize=\"true\" data-selector=\"a\">\n\t\t\t\t\t\t\t\t\t\n\t\t\t\t\t\t\t\t\t\t\t<a href=\"http:\/\/www.etcetera23.de\/wp-content\/uploads\/2018\/09\/2018-Wallets-Snakes-03-klein.jpg\" class=\"elementor-clickable\" data-elementor-open-lightbox=\"no\" data-elementor-lightbox-slideshow=\"641d7a5\">\n\t\t\t\t\t\n\t\t\t\t\t<img decoding=\"async\" src=\"http:\/\/www.etcetera23.de\/wp-content\/uploads\/2018\/09\/2018-Wallets-Snakes-03-klein.jpg\" alt=\"\">\n\n\t\t\t\t\t\t\t\t\t\t\t<\/a>\n\t\t\t\t\t\t\t\t\t\t\t\t\t\t\n\t\t\t\t\t\t\t\t\t\t\t<a href=\"http:\/\/www.etcetera23.de\/wp-content\/uploads\/2018\/09\/2018-Wallets-Snakes-02-klein.jpg\" class=\"elementor-clickable\" data-elementor-open-lightbox=\"no\" data-elementor-lightbox-slideshow=\"641d7a5\">\n\t\t\t\t\t\n\t\t\t\t\t<img decoding=\"async\" src=\"http:\/\/www.etcetera23.de\/wp-content\/uploads\/2018\/09\/2018-Wallets-Snakes-02-klein.jpg\" alt=\"\">\n\n\t\t\t\t\t\t\t\t\t\t\t<\/a>\n\t\t\t\t\t\t\t\t\t\t\t\t\t\t\n\t\t\t\t\t\t\t\t\t\t\t<a href=\"http:\/\/www.etcetera23.de\/wp-content\/uploads\/2018\/09\/2018-Wallets-Snakes-01-klein.jpg\" class=\"elementor-clickable\" data-elementor-open-lightbox=\"no\" data-elementor-lightbox-slideshow=\"641d7a5\">\n\t\t\t\t\t\n\t\t\t\t\t<img decoding=\"async\" src=\"http:\/\/www.etcetera23.de\/wp-content\/uploads\/2018\/09\/2018-Wallets-Snakes-01-klein.jpg\" alt=\"\">\n\n\t\t\t\t\t\t\t\t\t\t\t<\/a>\n\t\t\t\t\t\t\t\t\t\t\t\t\t\t\n\t\t\t\t\t\t\t\t\t\t\t<a href=\"http:\/\/www.etcetera23.de\/wp-content\/uploads\/2018\/09\/2018-Wallets-Flowers-03-klein.jpg\" class=\"elementor-clickable\" data-elementor-open-lightbox=\"no\" data-elementor-lightbox-slideshow=\"641d7a5\">\n\t\t\t\t\t\n\t\t\t\t\t<img decoding=\"async\" src=\"http:\/\/www.etcetera23.de\/wp-content\/uploads\/2018\/09\/2018-Wallets-Flowers-03-klein.jpg\" alt=\"\">\n\n\t\t\t\t\t\t\t\t\t\t\t<\/a>\n\t\t\t\t\t\t\t\t\t\t\t\t\t\t\n\t\t\t\t\t\t\t\t\t\t\t<a href=\"http:\/\/www.etcetera23.de\/wp-content\/uploads\/2018\/09\/2018-Wallets-Flowers-02-klein.jpg\" class=\"elementor-clickable\" data-elementor-open-lightbox=\"no\" data-elementor-lightbox-slideshow=\"641d7a5\">\n\t\t\t\t\t\n\t\t\t\t\t<img decoding=\"async\" src=\"http:\/\/www.etcetera23.de\/wp-content\/uploads\/2018\/09\/2018-Wallets-Flowers-02-klein.jpg\" alt=\"\">\n\n\t\t\t\t\t\t\t\t\t\t\t<\/a>\n\t\t\t\t\t\t\t\t\t\t\t\t\t\t\n\t\t\t\t\t\t\t\t\t\t\t<a href=\"http:\/\/www.etcetera23.de\/wp-content\/uploads\/2018\/09\/2018-Wallets-Flowers-01-klein.jpg\" class=\"elementor-clickable\" data-elementor-open-lightbox=\"no\" data-elementor-lightbox-slideshow=\"641d7a5\">\n\t\t\t\t\t\n\t\t\t\t\t<img decoding=\"async\" src=\"http:\/\/www.etcetera23.de\/wp-content\/uploads\/2018\/09\/2018-Wallets-Flowers-01-klein.jpg\" alt=\"\">\n\n\t\t\t\t\t\t\t\t\t\t\t<\/a>\n\t\t\t\t\t\t\t\t\t\t\t\t\t\t\n\t\t\t\t\t\t\t\t\t\t\t<a href=\"http:\/\/www.etcetera23.de\/wp-content\/uploads\/2018\/09\/2018-Wallets-Abstract-06-klein.jpg\" class=\"elementor-clickable\" data-elementor-open-lightbox=\"no\" data-elementor-lightbox-slideshow=\"641d7a5\">\n\t\t\t\t\t\n\t\t\t\t\t<img decoding=\"async\" src=\"http:\/\/www.etcetera23.de\/wp-content\/uploads\/2018\/09\/2018-Wallets-Abstract-06-klein.jpg\" alt=\"\">\n\n\t\t\t\t\t\t\t\t\t\t\t<\/a>\n\t\t\t\t\t\t\t\t\t\t\t\t\t\t\n\t\t\t\t\t\t\t\t\t\t\t<a href=\"http:\/\/www.etcetera23.de\/wp-content\/uploads\/2018\/09\/2018-Wallets-Abstract-04-klein.jpg\" class=\"elementor-clickable\" data-elementor-open-lightbox=\"no\" data-elementor-lightbox-slideshow=\"641d7a5\">\n\t\t\t\t\t\n\t\t\t\t\t<img decoding=\"async\" src=\"http:\/\/www.etcetera23.de\/wp-content\/uploads\/2018\/09\/2018-Wallets-Abstract-04-klein.jpg\" alt=\"\">\n\n\t\t\t\t\t\t\t\t\t\t\t<\/a>\n\t\t\t\t\t\t\t\t\t\t\t\t\t\t\n\t\t\t\t\t\t\t\t\t\t\t<a href=\"http:\/\/www.etcetera23.de\/wp-content\/uploads\/2018\/09\/2018-Wallets-Abstract-02-klein.jpg\" class=\"elementor-clickable\" data-elementor-open-lightbox=\"no\" data-elementor-lightbox-slideshow=\"641d7a5\">\n\t\t\t\t\t\n\t\t\t\t\t<img decoding=\"async\" src=\"http:\/\/www.etcetera23.de\/wp-content\/uploads\/2018\/09\/2018-Wallets-Abstract-02-klein.jpg\" alt=\"\">\n\n\t\t\t\t\t\t\t\t\t\t\t<\/a>\n\t\t\t\t\t\t\t\t\t\t\t\t\t\t\n\t\t\t\t\t\t\t\t\t\t\t<a href=\"http:\/\/www.etcetera23.de\/wp-content\/uploads\/2018\/09\/2018-Wallets-Abstract-01-klein.jpg\" class=\"elementor-clickable\" data-elementor-open-lightbox=\"no\" data-elementor-lightbox-slideshow=\"641d7a5\">\n\t\t\t\t\t\n\t\t\t\t\t<img decoding=\"async\" src=\"http:\/\/www.etcetera23.de\/wp-content\/uploads\/2018\/09\/2018-Wallets-Abstract-01-klein.jpg\" alt=\"\">\n\n\t\t\t\t\t\t\t\t\t\t\t<\/a>\n\t\t\t\t\t\t\t\t\t\t\t\t<\/div>\n\t\t\t<script>\n\t\t\t\tjQuery(document).ready(function(){\n\t\t\t\t\tjQuery(document).trigger('elementor\/render\/justified-gallery','#jg-641d7a5');\n\t\t\t\t});\n\t\t\t<\/script>\n\t\t\t\t\t\t\t<\/div>\n\t\t\t\t<\/div>\n\t\t\t\t\t<\/div>\n\t\t<\/div>\n\t\t\t\t\t<\/div>\n\t\t<\/section>\n\t\t\t\t<\/div>","protected":false},"excerpt":{"rendered":"<p>Specials untranslatable word Series In vielen Sprachen der Welt, gibt es W\u00f6rter, die man nicht direkt ins Englische \u00fcbersetzen kann. Einige davon wurden hier illustriert. Die Bilder sind als Postkartenserie und T-Shirt-Designs erh\u00e4ltlich. &#8222;BARAKA&#8220; (arabic) &#8211; a gift of spiritual energy that can be transferred to others &#8222;XIANG&#8220; (chinese) &#8211; means aromatic, delicious and rich. [&hellip;]<\/p>\n","protected":false},"author":1,"featured_media":0,"parent":0,"menu_order":0,"comment_status":"closed","ping_status":"closed","template":"","meta":{"_mi_skip_tracking":false,"_exactmetrics_sitenote_active":false,"_exactmetrics_sitenote_note":"","_exactmetrics_sitenote_category":0,"ocean_post_layout":"full-screen","ocean_both_sidebars_style":"","ocean_both_sidebars_content_width":0,"ocean_both_sidebars_sidebars_width":0,"ocean_sidebar":"0","ocean_second_sidebar":"0","ocean_disable_margins":"on","ocean_add_body_class":"","ocean_shortcode_before_top_bar":"","ocean_shortcode_after_top_bar":"","ocean_shortcode_before_header":"","ocean_shortcode_after_header":"","ocean_has_shortcode":"","ocean_shortcode_after_title":"","ocean_shortcode_before_footer_widgets":"","ocean_shortcode_after_footer_widgets":"","ocean_shortcode_before_footer_bottom":"","ocean_shortcode_after_footer_bottom":"","ocean_display_top_bar":"off","ocean_display_header":"default","ocean_header_style":"","ocean_center_header_left_menu":"0","ocean_custom_header_template":"0","ocean_custom_logo":0,"ocean_custom_retina_logo":0,"ocean_custom_logo_max_width":0,"ocean_custom_logo_tablet_max_width":0,"ocean_custom_logo_mobile_max_width":0,"ocean_custom_logo_max_height":0,"ocean_custom_logo_tablet_max_height":0,"ocean_custom_logo_mobile_max_height":0,"ocean_header_custom_menu":"2","ocean_menu_typo_font_family":"Verdana, Geneva, sans-serif","ocean_menu_typo_font_subset":"","ocean_menu_typo_font_size":0,"ocean_menu_typo_font_size_tablet":0,"ocean_menu_typo_font_size_mobile":0,"ocean_menu_typo_font_size_unit":"px","ocean_menu_typo_font_weight":"","ocean_menu_typo_font_weight_tablet":"","ocean_menu_typo_font_weight_mobile":"","ocean_menu_typo_transform":"","ocean_menu_typo_transform_tablet":"","ocean_menu_typo_transform_mobile":"","ocean_menu_typo_line_height":0,"ocean_menu_typo_line_height_tablet":0,"ocean_menu_typo_line_height_mobile":0,"ocean_menu_typo_line_height_unit":"","ocean_menu_typo_spacing":0,"ocean_menu_typo_spacing_tablet":0,"ocean_menu_typo_spacing_mobile":0,"ocean_menu_typo_spacing_unit":"","ocean_menu_link_color":"","ocean_menu_link_color_hover":"","ocean_menu_link_color_active":"","ocean_menu_link_background":"","ocean_menu_link_hover_background":"","ocean_menu_link_active_background":"","ocean_menu_social_links_bg":"","ocean_menu_social_hover_links_bg":"","ocean_menu_social_links_color":"","ocean_menu_social_hover_links_color":"","ocean_disable_title":"on","ocean_disable_heading":"default","ocean_post_title":"","ocean_post_subheading":"","ocean_post_title_style":"","ocean_post_title_background_color":"","ocean_post_title_background":0,"ocean_post_title_bg_image_position":"","ocean_post_title_bg_image_attachment":"","ocean_post_title_bg_image_repeat":"","ocean_post_title_bg_image_size":"","ocean_post_title_height":0,"ocean_post_title_bg_overlay":0.5,"ocean_post_title_bg_overlay_color":"","ocean_disable_breadcrumbs":"default","ocean_breadcrumbs_color":"","ocean_breadcrumbs_separator_color":"","ocean_breadcrumbs_links_color":"","ocean_breadcrumbs_links_hover_color":"","ocean_display_footer_widgets":"default","ocean_display_footer_bottom":"default","ocean_custom_footer_template":"","footnotes":""},"class_list":["post-33","page","type-page","status-publish","hentry","entry"],"aioseo_notices":[],"_links":{"self":[{"href":"http:\/\/www.etcetera23.de\/en\/wp-json\/wp\/v2\/pages\/33","targetHints":{"allow":["GET"]}}],"collection":[{"href":"http:\/\/www.etcetera23.de\/en\/wp-json\/wp\/v2\/pages"}],"about":[{"href":"http:\/\/www.etcetera23.de\/en\/wp-json\/wp\/v2\/types\/page"}],"author":[{"embeddable":true,"href":"http:\/\/www.etcetera23.de\/en\/wp-json\/wp\/v2\/users\/1"}],"replies":[{"embeddable":true,"href":"http:\/\/www.etcetera23.de\/en\/wp-json\/wp\/v2\/comments?post=33"}],"version-history":[{"count":9,"href":"http:\/\/www.etcetera23.de\/en\/wp-json\/wp\/v2\/pages\/33\/revisions"}],"predecessor-version":[{"id":913,"href":"http:\/\/www.etcetera23.de\/en\/wp-json\/wp\/v2\/pages\/33\/revisions\/913"}],"wp:attachment":[{"href":"http:\/\/www.etcetera23.de\/en\/wp-json\/wp\/v2\/media?parent=33"}],"curies":[{"name":"wp","href":"https:\/\/api.w.org\/{rel}","templated":true}]}}